{"id":7114,"date":"2022-04-20T12:17:53","date_gmt":"2022-04-20T12:17:53","guid":{"rendered":"http:\/\/s890096204.online.de\/umwelt-und-entsorgung"},"modified":"2024-05-24T06:52:26","modified_gmt":"2024-05-24T06:52:26","slug":"umwelt-und-entsorgung","status":"publish","type":"page","link":"https:\/\/tesser4x4.com\/it\/umwelt-und-entsorgung","title":{"rendered":"Ambiente e smaltimento"},"content":{"rendered":"\t\t<div data-elementor-type=\"wp-page\" data-elementor-id=\"7114\" class=\"elementor elementor-7114 elementor-2669\" data-elementor-post-type=\"page\">\n\t\t\t\t\t\t<section class=\"elementor-section elementor-top-section elementor-element elementor-element-26b9cbb elementor-section-boxed elementor-section-height-default elementor-section-height-default\" data-id=\"26b9cbb\" data-element_type=\"section\">\n\t\t\t\t\t\t<div class=\"elementor-container elementor-column-gap-default\">\n\t\t\t\t\t<div class=\"elementor-column elementor-col-100 elementor-top-column elementor-element elementor-element-3af20e1\" data-id=\"3af20e1\" data-element_type=\"column\">\n\t\t\t<div class=\"elementor-widget-wrap elementor-element-populated\">\n\t\t\t\t\t\t<div class=\"elementor-element elementor-element-0b3fe82 elementor-widget elementor-widget-woocommerce-breadcrumb\" data-id=\"0b3fe82\" data-element_type=\"widget\" data-widget_type=\"woocommerce-breadcrumb.default\">\n\t\t\t\t<div class=\"elementor-widget-container\">\n\t\t\t<nav class=\"woocommerce-breadcrumb\" aria-label=\"Breadcrumb\">Home<\/nav>\t\t<\/div>\n\t\t\t\t<\/div>\n\t\t\t\t<div class=\"elementor-element elementor-element-585a9ce elementor-widget elementor-widget-theme-post-title elementor-page-title elementor-widget-heading\" data-id=\"585a9ce\" data-element_type=\"widget\" data-widget_type=\"theme-post-title.default\">\n\t\t\t\t<div class=\"elementor-widget-container\">\n\t\t\t<h1 class=\"elementor-heading-title elementor-size-default\">Ambiente e smaltimento<\/h1>\t\t<\/div>\n\t\t\t\t<\/div>\n\t\t\t\t<div class=\"elementor-element elementor-element-c09a564 elementor-widget elementor-widget-text-editor\" data-id=\"c09a564\" data-element_type=\"widget\" data-widget_type=\"text-editor.default\">\n\t\t\t\t<div class=\"elementor-widget-container\">\n\t\t\t\t\t\t\t<p><strong>1. Hinweise zur Batterieverordnung<\/strong><br \/>Im Zusammenhang mit dem Vertrieb von Batterien oder Akkus oder mit der Lieferung von Ger\u00e4ten, die Batterien oder Akkus enthalten, sind wir verpflichtet, Sie gem\u00e4\u00df der Batterieverordnung auf folgendes hinzuweisen: Batterien oder Akkus d\u00fcrfen nicht in den Hausm\u00fcll gegeben werden. Sie sind zur R\u00fcckgabe gebrauchter Batterien oder Akkus als Endverbraucher gesetzlich verpflichtet.<\/p>\n<p>Sie k\u00f6nnen Batterien oder Akkus nach Gebrauch in der Verkaufsstelle oder in deren unmittelbarer N\u00e4he (z. B. in kommunalen Sammelstellen oder im Handel) unentgeltlich zur\u00fcckzugeben. Sie k\u00f6nnen Batterien oder Akkus auch per Post frankiert an uns zur\u00fccksenden.<\/p>\n<p>Batterien oder Akkus, die Schadstoffe enthalten, sind mit dem Symbol einer durchkreuzten M\u00fclltonne gekennzeichnet. In der N\u00e4he des M\u00fclltonnensymbols befindet sich die chemische Bezeichnung des Schadstoffes. Cd steht f\u00fcr Cadmium, Pb f\u00fcr Blei und Hg f\u00fcr Quecksilber.<\/p>\n<p><strong>2. Hinweise zur Verpackungsverordnung<\/strong><br \/>Wir sind gem\u00e4\u00df der Regelungen der Verpackungsverordnung dazu verpflichtet, Verpackungen unserer Produkte, die nicht das Zeichen eines Systems der fl\u00e4chendeckenden Entsorgung (wie etwa dem &#8220;Gr\u00fcnen Punkt&#8221; der Duales System Deutschland AG) tragen, zur\u00fcckzunehmen und f\u00fcr deren Wiederverwendung oder Entsorgung zu sorgen.<\/p>\n<p>Laut Verpackungsordnung sind wir registriert bei &#8211; <a href=\"https:\/\/tesser4x4.com\/wp-content\/uploads\/2023\/04\/dergruenepunkt-e1681994343499.jpg\"><img decoding=\"async\" class=\"alignnone wp-image-12549 size-full\" src=\"https:\/\/tesser4x4.com\/wp-content\/uploads\/2023\/04\/dergruenepunkt-e1681994343499.jpg\" alt=\"\" width=\"140\" height=\"26\"><\/a>&#8211; Duales System Deutschland GmbH mit der <strong>Registrierungsnummer: 5631384<\/strong><\/p>\n<p>Zur weiteren Kl\u00e4rung der R\u00fcckgabe setzen Sie sich bei solchen Produkten bitte mit uns in Verbindung (<strong>BLUEICE e-commerce GmbH<\/strong>, Michel-Buck-Str. 7, 88348 Bad Saulgau; Tel. 07581 5080912, <strong>E-Mail: info@tesser4x4.de<\/strong>.<\/p>\n<p>Wir nennen Ihnen dann eine kommunale Sammelstelle oder ein Entsorgungsunternehmen in Ihrer Umgebung, welches die Verpackungen kostenfrei entgegennimmt. Sollte dies nicht m\u00f6glich sein, haben Sie die M\u00f6glichkeit, die Verpackung frankiert an uns zu schicken (<strong>BLUEICE e-commerce GmbH<\/strong>, Michel-Buck-Str. 7, 88348 Bad Saulgau; Tel. 07581 5080912, <strong>E-Mail: info@tesser4x4.de<\/strong>.<\/p>\n<p>Die Verpackungen werden von uns wieder verwendet oder gem\u00e4\u00df der Bestimmungen der Verpackungsverordnung entsorgt.<\/p>\n<p><strong>3. Hinweise zu Alt\u00f6l \/ Getriebe\u00f6l (Alt\u00f6lverordnung \/ Alt\u00f6lV)<\/strong><br \/>Als H\u00e4ndler m\u00fcssen wir unsere Kunden im Zusammenhang mit dem Vertrieb von Verbrennungsmotoren und Getriebe\u00f6l gem\u00e4\u00df der Alt\u00f6lverordnung informieren:<\/p>\n<p>Alt\u00f6lannahmestellen sind zur R\u00fccknahme der gebrauchten \u00d6le oder Schmierstoffe eingerichtet. Auch Schadstoffmobile k\u00f6nnen angefordert werden! Bitte entsorgen Sie diese Stoffe nicht unsachgem\u00e4\u00df, Sie gef\u00e4hrden die Umwelt! Jede Art der Beimischung von Fremdstoffen wie L\u00f6semitteln, Brems -und K\u00fchlfl\u00fcssigkeiten sind verboten!<\/p>\n<p>Sind Sie Verbraucher im Sinne des \u00a7 13 BGB, k\u00f6nnen Sie Alt\u00f6l in der maximal bei uns erworbenen Menge wieder kostenlos bei uns im Warenlager (<strong>BLUEICE e-commerce GmbH<\/strong>, Michel-Buck-Str. 7, 88348 Bad Saulgau; Tel. 07581 5080912, <strong>E-Mail: info@tesser4x4.de<\/strong> abgeben bzw. einschicken. Das gilt auch sinngem\u00e4\u00df f\u00fcr bei uns erworbene \u00d6lfilter und deren anfallende \u00f6lhaltige Abf\u00e4lle bei regelm\u00e4\u00dfiger Wartung.<\/p>\n<p>Bei R\u00fccksendung m\u00fcssen Sie auf die jeweiligen Vorschriften des Versenders zur Verpackung achten: \u00d6l gilt als Gefahrgut! Eine auslaufsicherere Verpackung ist hier meist Pflicht. Zur weiteren Kl\u00e4rung der R\u00fcckgabe setzen Sie sich bei solchen Produkten bitte vorher mit uns in Verbindung.<\/p>\n\t\t\t\t\t\t<\/div>\n\t\t\t\t<\/div>\n\t\t\t\t\t<\/div>\n\t\t<\/div>\n\t\t\t\t\t<\/div>\n\t\t<\/section>\n\t\t\t\t<\/div>\n\t\t","protected":false},"excerpt":{"rendered":"<p>1. Hinweise zur BatterieverordnungIm Zusammenhang mit dem Vertrieb von Batterien oder Akkus oder mit der Lieferung von Ger\u00e4ten, die Batterien oder Akkus enthalten, sind wir verpflichtet, Sie gem\u00e4\u00df der Batterieverordnung auf folgendes hinzuweisen: Batterien oder Akkus d\u00fcrfen nicht in den Hausm\u00fcll gegeben werden. Sie sind zur R\u00fcckgabe gebrauchter Batterien oder Akkus als Endverbraucher gesetzlich verpflichtet. &hellip;<\/p>\n<p class=\"read-more\"> <a class=\"\" href=\"https:\/\/tesser4x4.com\/it\/umwelt-und-entsorgung\"> <span class=\"screen-reader-text\">Ambiente e smaltimento<\/span> Leggi altro &raquo;<\/a><\/p>\n","protected":false},"author":1,"featured_media":0,"parent":0,"menu_order":0,"comment_status":"closed","ping_status":"closed","template":"elementor_header_footer","meta":{"site-sidebar-layout":"no-sidebar","site-content-layout":"page-builder","ast-global-header-display":"","ast-main-header-display":"","ast-hfb-above-header-display":"","ast-hfb-below-header-display":"","ast-hfb-mobile-header-display":"","site-post-title":"disabled","ast-breadcrumbs-content":"","ast-featured-img":"disabled","footer-sml-layout":"","theme-transparent-header-meta":"","adv-header-id-meta":"","stick-header-meta":"","header-above-stick-meta":"","header-main-stick-meta":"","header-below-stick-meta":"","footnotes":""},"class_list":["post-7114","page","type-page","status-publish","hentry"],"_links":{"self":[{"href":"https:\/\/tesser4x4.com\/it\/wp-json\/wp\/v2\/pages\/7114","targetHints":{"allow":["GET"]}}],"collection":[{"href":"https:\/\/tesser4x4.com\/it\/wp-json\/wp\/v2\/pages"}],"about":[{"href":"https:\/\/tesser4x4.com\/it\/wp-json\/wp\/v2\/types\/page"}],"author":[{"embeddable":true,"href":"https:\/\/tesser4x4.com\/it\/wp-json\/wp\/v2\/users\/1"}],"replies":[{"embeddable":true,"href":"https:\/\/tesser4x4.com\/it\/wp-json\/wp\/v2\/comments?post=7114"}],"version-history":[{"count":5,"href":"https:\/\/tesser4x4.com\/it\/wp-json\/wp\/v2\/pages\/7114\/revisions"}],"predecessor-version":[{"id":19009,"href":"https:\/\/tesser4x4.com\/it\/wp-json\/wp\/v2\/pages\/7114\/revisions\/19009"}],"wp:attachment":[{"href":"https:\/\/tesser4x4.com\/it\/wp-json\/wp\/v2\/media?parent=7114"}],"curies":[{"name":"wp","href":"https:\/\/api.w.org\/{rel}","templated":true}]}}