{"id":7116,"date":"2022-04-20T12:20:56","date_gmt":"2022-04-20T12:20:56","guid":{"rendered":"http:\/\/s890096204.online.de\/spedizione-consegna"},"modified":"2022-10-27T14:17:29","modified_gmt":"2022-10-27T14:17:29","slug":"spedizione-consegna","status":"publish","type":"page","link":"https:\/\/tesser4x4.com\/it\/spedizione-consegna","title":{"rendered":"Spedizione &amp; Consegna"},"content":{"rendered":"\t\t<div data-elementor-type=\"wp-page\" data-elementor-id=\"7116\" class=\"elementor elementor-7116 elementor-76\" data-elementor-post-type=\"page\">\n\t\t\t\t\t\t<section class=\"elementor-section elementor-top-section elementor-element elementor-element-5e3273e1 elementor-section-boxed elementor-section-height-default elementor-section-height-default\" data-id=\"5e3273e1\" data-element_type=\"section\">\n\t\t\t\t\t\t<div class=\"elementor-container elementor-column-gap-default\">\n\t\t\t\t\t<div class=\"elementor-column elementor-col-100 elementor-top-column elementor-element elementor-element-1823b497\" data-id=\"1823b497\" data-element_type=\"column\">\n\t\t\t<div class=\"elementor-widget-wrap elementor-element-populated\">\n\t\t\t\t\t\t<div class=\"elementor-element elementor-element-48dcd55 elementor-widget elementor-widget-woocommerce-breadcrumb\" data-id=\"48dcd55\" data-element_type=\"widget\" data-widget_type=\"woocommerce-breadcrumb.default\">\n\t\t\t\t<div class=\"elementor-widget-container\">\n\t\t\t<nav class=\"woocommerce-breadcrumb\" aria-label=\"Breadcrumb\">Home<\/nav>\t\t<\/div>\n\t\t\t\t<\/div>\n\t\t\t\t<div class=\"elementor-element elementor-element-6df7209 elementor-widget elementor-widget-theme-post-title elementor-page-title elementor-widget-heading\" data-id=\"6df7209\" data-element_type=\"widget\" data-widget_type=\"theme-post-title.default\">\n\t\t\t\t<div class=\"elementor-widget-container\">\n\t\t\t<h1 class=\"elementor-heading-title elementor-size-default\">Spedizione &amp; Consegna<\/h1>\t\t<\/div>\n\t\t\t\t<\/div>\n\t\t\t\t<div class=\"elementor-element elementor-element-209643be elementor-widget elementor-widget-text-editor\" data-id=\"209643be\" data-element_type=\"widget\" data-widget_type=\"text-editor.default\">\n\t\t\t\t<div class=\"elementor-widget-container\">\n\t\t\t\t\t\t\t\n          <p><strong style=\"font-style: inherit; color: var( --e-global-color-text ); font-family: var( --e-global-typography-text-font-family ), Sans-serif; background-color: var( --e-global-color-74b4026 );\">Versandbedingungen<br><\/strong><span style=\"font-style: inherit; font-weight: inherit; color: var( --e-global-color-text ); font-family: var( --e-global-typography-text-font-family ), Sans-serif; background-color: var( --e-global-color-74b4026 );\">Die Lieferung erfolgt im Inland <\/span><strong style=\"font-style: inherit; color: var( --e-global-color-text ); font-family: var( --e-global-typography-text-font-family ), Sans-serif; background-color: var( --e-global-color-74b4026 );\">(Deutschland)<\/strong><span style=\"font-style: inherit; font-weight: inherit; color: var( --e-global-color-text ); font-family: var( --e-global-typography-text-font-family ), Sans-serif; background-color: var( --e-global-color-74b4026 );\"> und in die nachstehenden L\u00e4nder: <\/span><strong style=\"font-style: inherit; color: var( --e-global-color-text ); font-family: var( --e-global-typography-text-font-family ), Sans-serif; background-color: var( --e-global-color-74b4026 );\">Europ\u00e4ische Union<\/strong><span style=\"font-style: inherit; font-weight: inherit; color: var( --e-global-color-text ); font-family: var( --e-global-typography-text-font-family ), Sans-serif; background-color: var( --e-global-color-74b4026 );\">.<\/span><\/p>\n          \n\n          <p><strong>Versandkosten<\/strong> (inklusive gesetzliche Mehrwertsteuer)<br>Wir berechnen keine Versandkosten sofern nicht separat angegeben.<\/p>\n          \n\n          <p><strong>Lieferungen im Inland<\/strong> (Deutschland)<br>Die Lieferung innerhalb Deutschland ist kostenfrei sofern nicht separat angegeben.<\/p>\n          \n\n          <p><strong>Lieferungen in der Europ\u00e4ische Union<\/strong><br>Die Lieferung innerhalb der <strong>Europ\u00e4ische Union<\/strong> ist kostenfrei, ausgenommen <strong>Frankreich<\/strong>.<\/p>\n          \n\n          <p><strong>Lieferung von Download-Produkten:<\/strong><br>F\u00fcr Download-Produkte (digitale Inhalte, die nicht auf einem k\u00f6rperlichen Datentr\u00e4ger geliefert werden) fallen keine Versandkosten an. Download-Produkte k\u00f6nnen Sie \u00fcber einen per E-Mail mitgeteilten Link herunterladen. Die Versendung dieser E-Mail mit Zugangsdaten zur Ausf\u00fchrung des Downloads erfolgt innerhalb von 48 Stunden nach Vertragsschluss (bei vereinbarter Vorauszahlung nach dem Zeitpunkt Ihrer Zahlungsanweisung).<\/p>\n          \n\n          <p><strong>Lieferfristen<\/strong><br>Soweit im jeweiligen Angebot keine andere Frist angegeben ist, erfolgt die Lieferung der Ware im Inland (Deutschland) innerhalb von <strong>2 &#8211; 15 Tagen<\/strong>, bei Auslandslieferungen innerhalb von <strong>5 &#8211; 15 Tagen<\/strong> nach Vertragsschluss (bei vereinbarter Vorauszahlung nach dem Zeitpunkt Ihrer Zahlungsanweisung). <strong>Beachten Sie, dass an Sonn- und Feiertagen keine Zustellung erfolgt.<\/strong><\/p>\n          \n\n          <p>Haben Sie Artikel mit unterschiedlichen Lieferzeiten bestellt, versenden wir die Ware in einer gemeinsamen Sendung, sofern wir keine abweichenden Vereinbarungen mit Ihnen getroffen haben. Die Lieferzeit bestimmt sich in diesem Fall nach dem Artikel mit der l\u00e4ngsten Lieferzeit den Sie bestellt haben. Bei Selbstabholung informieren wir Sie per E-Mail \u00fcber die Bereitstellung der Ware und die Abholm\u00f6glichkeiten. In diesem Fall werden keine Versandkosten berechnet.<\/p>\n          \n\n          <p>Bei Fragen finden Sie unsere Kontaktdaten im <a href=\"https:\/\/tesser4x4.com\/it\/impressum\">Impressum<\/a>.<\/p>\n        \t\t\t\t\t\t<\/div>\n\t\t\t\t<\/div>\n\t\t\t\t\t<\/div>\n\t\t<\/div>\n\t\t\t\t\t<\/div>\n\t\t<\/section>\n\t\t\t\t<\/div>\n\t\t","protected":false},"excerpt":{"rendered":"<p>VersandbedingungenDie Lieferung erfolgt im Inland (Deutschland) und in die nachstehenden L\u00e4nder: Europ\u00e4ische Union. Versandkosten (inklusive gesetzliche Mehrwertsteuer)Wir berechnen keine Versandkosten sofern nicht separat angegeben. Lieferungen im Inland (Deutschland)Die Lieferung innerhalb Deutschland ist kostenfrei sofern nicht separat angegeben. Lieferungen in der Europ\u00e4ische UnionDie Lieferung innerhalb der Europ\u00e4ische Union ist kostenfrei, ausgenommen Frankreich. Lieferung von Download-Produkten:F\u00fcr Download-Produkte &hellip;<\/p>\n<p class=\"read-more\"> <a class=\"\" href=\"https:\/\/tesser4x4.com\/it\/spedizione-consegna\"> <span class=\"screen-reader-text\">Spedizione &amp; Consegna<\/span> Leggi altro &raquo;<\/a><\/p>\n","protected":false},"author":1,"featured_media":0,"parent":0,"menu_order":0,"comment_status":"closed","ping_status":"closed","template":"elementor_header_footer","meta":{"site-sidebar-layout":"default","site-content-layout":"default","ast-global-header-display":"","ast-main-header-display":"","ast-hfb-above-header-display":"","ast-hfb-below-header-display":"","ast-hfb-mobile-header-display":"","site-post-title":"","ast-breadcrumbs-content":"","ast-featured-img":"","footer-sml-layout":"","theme-transparent-header-meta":"","adv-header-id-meta":"","stick-header-meta":"","header-above-stick-meta":"","header-main-stick-meta":"","header-below-stick-meta":"","footnotes":""},"class_list":["post-7116","page","type-page","status-publish","hentry"],"_links":{"self":[{"href":"https:\/\/tesser4x4.com\/it\/wp-json\/wp\/v2\/pages\/7116","targetHints":{"allow":["GET"]}}],"collection":[{"href":"https:\/\/tesser4x4.com\/it\/wp-json\/wp\/v2\/pages"}],"about":[{"href":"https:\/\/tesser4x4.com\/it\/wp-json\/wp\/v2\/types\/page"}],"author":[{"embeddable":true,"href":"https:\/\/tesser4x4.com\/it\/wp-json\/wp\/v2\/users\/1"}],"replies":[{"embeddable":true,"href":"https:\/\/tesser4x4.com\/it\/wp-json\/wp\/v2\/comments?post=7116"}],"version-history":[{"count":2,"href":"https:\/\/tesser4x4.com\/it\/wp-json\/wp\/v2\/pages\/7116\/revisions"}],"predecessor-version":[{"id":9975,"href":"https:\/\/tesser4x4.com\/it\/wp-json\/wp\/v2\/pages\/7116\/revisions\/9975"}],"wp:attachment":[{"href":"https:\/\/tesser4x4.com\/it\/wp-json\/wp\/v2\/media?parent=7116"}],"curies":[{"name":"wp","href":"https:\/\/api.w.org\/{rel}","templated":true}]}}