{"id":7123,"date":"2022-04-20T12:25:54","date_gmt":"2022-04-20T12:25:54","guid":{"rendered":"http:\/\/s890096204.online.de\/condizioni-di-garanzia"},"modified":"2022-10-23T15:02:18","modified_gmt":"2022-10-23T15:02:18","slug":"condizioni-di-garanzia","status":"publish","type":"page","link":"https:\/\/tesser4x4.com\/it\/condizioni-di-garanzia","title":{"rendered":"Condizioni di garanzia"},"content":{"rendered":"\t\t<div data-elementor-type=\"wp-page\" data-elementor-id=\"7123\" class=\"elementor elementor-7123 elementor-2657\" data-elementor-post-type=\"page\">\n\t\t\t\t\t\t<section class=\"elementor-section elementor-top-section elementor-element elementor-element-dad03f0 elementor-section-boxed elementor-section-height-default elementor-section-height-default\" data-id=\"dad03f0\" data-element_type=\"section\">\n\t\t\t\t\t\t<div class=\"elementor-container elementor-column-gap-default\">\n\t\t\t\t\t<div class=\"elementor-column elementor-col-100 elementor-top-column elementor-element elementor-element-c6b5737\" data-id=\"c6b5737\" data-element_type=\"column\">\n\t\t\t<div class=\"elementor-widget-wrap elementor-element-populated\">\n\t\t\t\t\t\t<div class=\"elementor-element elementor-element-c33b4bb elementor-widget elementor-widget-woocommerce-breadcrumb\" data-id=\"c33b4bb\" data-element_type=\"widget\" data-widget_type=\"woocommerce-breadcrumb.default\">\n\t\t\t\t<div class=\"elementor-widget-container\">\n\t\t\t<nav class=\"woocommerce-breadcrumb\" aria-label=\"Breadcrumb\">Home<\/nav>\t\t<\/div>\n\t\t\t\t<\/div>\n\t\t\t\t<div class=\"elementor-element elementor-element-b427368 elementor-widget elementor-widget-theme-post-title elementor-page-title elementor-widget-heading\" data-id=\"b427368\" data-element_type=\"widget\" data-widget_type=\"theme-post-title.default\">\n\t\t\t\t<div class=\"elementor-widget-container\">\n\t\t\t<h1 class=\"elementor-heading-title elementor-size-default\">Condizioni di garanzia<\/h1>\t\t<\/div>\n\t\t\t\t<\/div>\n\t\t\t\t<div class=\"elementor-element elementor-element-7edb965 elementor-widget elementor-widget-text-editor\" data-id=\"7edb965\" data-element_type=\"widget\" data-widget_type=\"text-editor.default\">\n\t\t\t\t<div class=\"elementor-widget-container\">\n\t\t\t\t\t\t\t<p>Wir garantieren dem Kunden nach Ma\u00dfgabe der nachfolgenden Bestimmungen, dass das in Deutschland an den Kunden gelieferte Produkt innerhalb des oben angegebenen Zeitraums ab Erhalt des Produktes frei von Material- oder Verarbeitungsfehlern sein wird. Die derart geltend gemachten Fehler werden wir nach eigenem Ermessen auf unsere Kosten durch Reparatur oder Lieferung neuer oder general\u00fcberholter Teile beheben. Die Garantie erstreckt sich nicht auf Akkumulatoren und Batterien.<\/p>\n<p>Anspr\u00fcche aus dieser Garantie bestehen nur, wenn<\/p>\n<ul>\n<li>das Produkt keine Sch\u00e4den oder Verschlei\u00dferscheinungen aufweist, die durch einen von der normalen Bestimmung und den Vorgaben des Herstellers (gem\u00e4\u00df Benutzerhandbuch) abweichenden Gebrauch verursacht sind,<\/li>\n<li>das Produkt keine Merkmale aufweist, die auf Reparaturen oder sonstige Eingriffe von durch den Hersteller nicht autorisierten Werkst\u00e4tten schlie\u00dfen lassen,<\/li>\n<li>in das Produkt nur vom Hersteller autorisiertes Zubeh\u00f6r eingebaut wurde,<\/li>\n<li>die Seriennummer nicht entfernt oder unkenntlich gemacht wurde.<\/li>\n<\/ul>\n<p>Anspr\u00fcche aus dieser Garantie setzen voraus, dass der Kunde vor Einsendung des Produkts uns in Textform (<strong>Briefpost<\/strong>, <strong>Telefax<\/strong> oder <strong>E-Mail: info@tesser4x4.de<\/strong> ) kontaktiert und uns die Gelegenheit gegeben hat, innerhalb eines Zeitraums von 30 Tagen eine (telefonische) Fehleranalyse durchzuf\u00fchren. Anspr\u00fcche aus der Garantie k\u00f6nnen anschlie\u00dfend nur durch \u00dcbergabe oder Einsendung des Produkts an uns geltend gemacht werden. Voraussetzung des Garantieanspruchs ist weiterhin die Vorlage der Originalrechnung. Die Kosten der Einsendung und R\u00fccksendung des Produkts \u00fcbernehmen wir. Haben wir jedoch dem Kunden f\u00fcr die Einsendung ein bestimmtes Frachtunternehmen genannt und nutzt der Kunde ein anderes Frachtunternehmen, hat der Kunde die Kosten der Einsendung zu tragen.<\/p>\n<p>Diese Garantie gilt in dem vorstehend genannten Umfang und unter den oben genannten Voraussetzungen (einschlie\u00dflich der Vorlage des Kaufnachweises auch im Falle der Weiterver\u00e4u\u00dferung) f\u00fcr jeden sp\u00e4teren k\u00fcnftigen Eigent\u00fcmer des Produkts.<\/p>\n\t\t\t\t\t\t<\/div>\n\t\t\t\t<\/div>\n\t\t\t\t\t<\/div>\n\t\t<\/div>\n\t\t\t\t\t<\/div>\n\t\t<\/section>\n\t\t\t\t<\/div>\n\t\t","protected":false},"excerpt":{"rendered":"<p>Wir garantieren dem Kunden nach Ma\u00dfgabe der nachfolgenden Bestimmungen, dass das in Deutschland an den Kunden gelieferte Produkt innerhalb des oben angegebenen Zeitraums ab Erhalt des Produktes frei von Material- oder Verarbeitungsfehlern sein wird. Die derart geltend gemachten Fehler werden wir nach eigenem Ermessen auf unsere Kosten durch Reparatur oder Lieferung neuer oder general\u00fcberholter Teile &hellip;<\/p>\n<p class=\"read-more\"> <a class=\"\" href=\"https:\/\/tesser4x4.com\/it\/condizioni-di-garanzia\"> <span class=\"screen-reader-text\">Condizioni di garanzia<\/span> Leggi altro &raquo;<\/a><\/p>\n","protected":false},"author":1,"featured_media":0,"parent":0,"menu_order":0,"comment_status":"closed","ping_status":"closed","template":"elementor_header_footer","meta":{"site-sidebar-layout":"no-sidebar","site-content-layout":"page-builder","ast-global-header-display":"","ast-main-header-display":"","ast-hfb-above-header-display":"","ast-hfb-below-header-display":"","ast-hfb-mobile-header-display":"","site-post-title":"disabled","ast-breadcrumbs-content":"","ast-featured-img":"disabled","footer-sml-layout":"","theme-transparent-header-meta":"","adv-header-id-meta":"","stick-header-meta":"","header-above-stick-meta":"","header-main-stick-meta":"","header-below-stick-meta":"","footnotes":""},"class_list":["post-7123","page","type-page","status-publish","hentry"],"_links":{"self":[{"href":"https:\/\/tesser4x4.com\/it\/wp-json\/wp\/v2\/pages\/7123","targetHints":{"allow":["GET"]}}],"collection":[{"href":"https:\/\/tesser4x4.com\/it\/wp-json\/wp\/v2\/pages"}],"about":[{"href":"https:\/\/tesser4x4.com\/it\/wp-json\/wp\/v2\/types\/page"}],"author":[{"embeddable":true,"href":"https:\/\/tesser4x4.com\/it\/wp-json\/wp\/v2\/users\/1"}],"replies":[{"embeddable":true,"href":"https:\/\/tesser4x4.com\/it\/wp-json\/wp\/v2\/comments?post=7123"}],"version-history":[{"count":2,"href":"https:\/\/tesser4x4.com\/it\/wp-json\/wp\/v2\/pages\/7123\/revisions"}],"predecessor-version":[{"id":9959,"href":"https:\/\/tesser4x4.com\/it\/wp-json\/wp\/v2\/pages\/7123\/revisions\/9959"}],"wp:attachment":[{"href":"https:\/\/tesser4x4.com\/it\/wp-json\/wp\/v2\/media?parent=7123"}],"curies":[{"name":"wp","href":"https:\/\/api.w.org\/{rel}","templated":true}]}}