{"id":7127,"date":"2022-04-20T12:29:45","date_gmt":"2022-04-20T12:29:45","guid":{"rendered":"http:\/\/s890096204.online.de\/conferma-e-invia-lordine"},"modified":"2022-12-05T08:46:30","modified_gmt":"2022-12-05T08:46:30","slug":"conferma-e-invia-lordine","status":"publish","type":"page","link":"https:\/\/tesser4x4.com\/it\/conferma-e-invia-lordine","title":{"rendered":"Conferma e invia l&#8217;ordine"},"content":{"rendered":"\t\t<div data-elementor-type=\"wp-page\" data-elementor-id=\"7127\" class=\"elementor elementor-7127 elementor-86\" data-elementor-post-type=\"page\">\n\t\t\t\t\t\t<section class=\"elementor-section elementor-top-section elementor-element elementor-element-6927c947 elementor-section-boxed elementor-section-height-default elementor-section-height-default\" data-id=\"6927c947\" data-element_type=\"section\">\n\t\t\t\t\t\t<div class=\"elementor-container elementor-column-gap-default\">\n\t\t\t\t\t<div class=\"elementor-column elementor-col-100 elementor-top-column elementor-element elementor-element-5b2011fb\" data-id=\"5b2011fb\" data-element_type=\"column\">\n\t\t\t<div class=\"elementor-widget-wrap elementor-element-populated\">\n\t\t\t\t\t\t<div class=\"elementor-element elementor-element-ac0dde0 elementor-widget elementor-widget-woocommerce-breadcrumb\" data-id=\"ac0dde0\" data-element_type=\"widget\" data-widget_type=\"woocommerce-breadcrumb.default\">\n\t\t\t\t<div class=\"elementor-widget-container\">\n\t\t\t<nav class=\"woocommerce-breadcrumb\" aria-label=\"Breadcrumb\">Home<\/nav>\t\t<\/div>\n\t\t\t\t<\/div>\n\t\t\t\t<div class=\"elementor-element elementor-element-7c02171 elementor-widget elementor-widget-theme-post-title elementor-page-title elementor-widget-heading\" data-id=\"7c02171\" data-element_type=\"widget\" data-widget_type=\"theme-post-title.default\">\n\t\t\t\t<div class=\"elementor-widget-container\">\n\t\t\t<h1 class=\"elementor-heading-title elementor-size-default\">Conferma e invia l&#8217;ordine<\/h1>\t\t<\/div>\n\t\t\t\t<\/div>\n\t\t\t\t<div class=\"elementor-element elementor-element-4826462b elementor-widget elementor-widget-text-editor\" data-id=\"4826462b\" data-element_type=\"widget\" data-widget_type=\"text-editor.default\">\n\t\t\t\t<div class=\"elementor-widget-container\">\n\t\t\t\t\t\t\t<p>\n            <span style=\"font-style: inherit; font-weight: inherit; color: var( --e-global-color-text ); font-family: var( --e-global-typography-text-font-family ), Sans-serif; background-color: var( --e-global-color-74b4026 );\">Bei <a href=\"https:\/\/tesser4x4.com\/it\">tesser4x4.com<\/a>, <a href=\"http:\/\/blueice-shop.de\">blueice-shop.de<\/a> \/ <a href=\"https:\/\/tesser4x4.de\">tesser4x4.de<\/a> k\u00f6nnen Sie an 7 Tagen pro Woche, rund um die Uhr, bequem und ohne Mindestbestellwert einkaufen. Wir sind online immer f\u00fcr Sie da!<br \/><\/span><br \/>\n            <br \/>\n            <b>Sie bestellen in unserem Shop \u00fcber die folgenden Bestellschritte:<\/b>\n          <\/p>\n<p><b>1. Warenkorb<\/b><br \/>Suchen Sie sich Ihre Wunschprodukte aus, die Sie bestellen m\u00f6chten, in dem Sie den &#8220;Warenkorb&#8221; Button anklicken. Dadurch wird Ihre Auswahl in den Warenkorb gelegt. Bis zum Absenden ihrer Bestellung k\u00f6nnen Sie jederzeit im Warenkorb die Menge \u00e4ndern oder auch nicht gew\u00fcnschte Produkte raus l\u00f6schen.<\/p>\n<p><b>2. Anmelden und Anschrift<\/b><br \/>Sind Sie schon Kunde und haben bereits schon einmal ein Konto bei uns angelegt, k\u00f6nnen Sie sich bequem mit Ihrer E-Mail Adresse und Ihrem Passwort anmelden. Bestellen Sie dagegen zum ersten Mal bei blueice-shop.de \/ tesser4x4.de, k\u00f6nnen Sie w\u00e4hlen, ob Sie als Gast (ohne Kundenkonto) oder mit einem eigenen Kundenkonto bestellen m\u00f6chten.<br \/><span style=\"font-style: inherit; font-weight: inherit; color: var( --e-global-color-text ); font-family: var( --e-global-typography-text-font-family ), Sans-serif; background-color: var( --e-global-color-74b4026 );\">Ihre Daten werden unter Beachtung datenschutzrechtlicher Bestimmungen erhoben, verarbeitet und sicher genutzt.<br \/><\/span><span style=\"font-style: inherit; font-weight: inherit; color: var( --e-global-color-text ); font-family: var( --e-global-typography-text-font-family ), Sans-serif; background-color: var( --e-global-color-74b4026 );\">\u00dcberpr\u00fcfen Sie nun Ihre Rechnungsadresse und geben Sie, insofern gew\u00fcnscht, eine separate Lieferadresse an. Eine separate Lieferadresse ben\u00f6tigen Sie nur, wenn sie an eine andere Adresse, als die der Rechnungsanschrift, die Bestellung liefern lassen m\u00f6chten. Durch Klicken des Buttons &#8220;Weiter&#8221; gelangen Sie zum n\u00e4chsten Bestellschritt.<\/span><\/p>\n<p><b>3. Zahlungsart und Versandart<\/b><br \/>Hier legen Sie fest, mit welcher Zahlungsweise und welcher Versandart Ihre Bestellung abgeschlossen werden soll. Zum n\u00e4chsten Schritt gelangen Sie \u00fcber den Button &#8220;Weiter&#8221;.<\/p>\n<p><b>4. Pr\u00fcfen und Bestellen<\/b><br \/>Im letzten Schritt k\u00f6nnen Sie nochmals Ihre Bestellung zusammenfassend pr\u00fcfen. Sie k\u00f6nnen zu allen vorhergehenden Schritten nochmals eine \u00c4nderung vornehmen. Mit dem Klicken des Button &#8220;Zahlungspflichtig bestellen&#8221; \u00fcbersenden Sie Ihre Bestellung an uns. Nach Eingang Ihrer Bestellung bei uns, wird Ihnen eine automatische Best\u00e4tigung per E-Mail gesandt.<\/p>\n<p><b>So erreichen Sie uns:<\/b><br \/>F\u00fcr Fragen zum Bestellablauf stehen wir Ihnen gerne jederzeit zur Verf\u00fcgung unter:<\/p>\n<ul>\n<li><b>Telefon:<\/b> +49 (0)7581 5080912 (Servicezeiten Mo-Fr. 8-16 Uhr). Lassen Sie lang klingeln. Ist das B\u00fcro nicht besetzt, schaltet die Leitung durch auf unser Mobiles Telefon. Es entstehen Ihnen dadurch keine zus\u00e4tzlichen Kosten.<\/li>\n<li><b>E-Mail: <\/b>info@tesser4x4.de<\/li>\n<\/ul>\n<p><a href=\"https:\/\/tesser4x4.com\/it\">www.tesser4x4.com<\/a> oder <a href=\"https:\/\/tesser4x4.de\">www.tesser4x4.de<\/a> ist jederzeit auch mobil erreichbar. Gehen Sie einfach mit Ihrem Handy-Browser auf <a href=\"https:\/\/tesser4x4.com\/it\">www.tesser4x4.com<\/a> oder <a href=\"https:\/\/tesser4x4.de\">www.tesser4x4.de<\/a> und der mobile Webshop wird Ihnen automatisch angezeigt. Wir w\u00fcnschen Ihnen viel Spa\u00df beim mobilen Surfen!<\/p>\n\t\t\t\t\t\t<\/div>\n\t\t\t\t<\/div>\n\t\t\t\t\t<\/div>\n\t\t<\/div>\n\t\t\t\t\t<\/div>\n\t\t<\/section>\n\t\t\t\t<\/div>\n\t\t","protected":false},"excerpt":{"rendered":"<p>Bei tesser4x4.com, blueice-shop.de \/ tesser4x4.de k\u00f6nnen Sie an 7 Tagen pro Woche, rund um die Uhr, bequem und ohne Mindestbestellwert einkaufen. Wir sind online immer f\u00fcr Sie da! Sie bestellen in unserem Shop \u00fcber die folgenden Bestellschritte: 1. WarenkorbSuchen Sie sich Ihre Wunschprodukte aus, die Sie bestellen m\u00f6chten, in dem Sie den &#8220;Warenkorb&#8221; Button anklicken. &hellip;<\/p>\n<p class=\"read-more\"> <a class=\"\" href=\"https:\/\/tesser4x4.com\/it\/conferma-e-invia-lordine\"> <span class=\"screen-reader-text\">Conferma e invia l&#8217;ordine<\/span> Leggi altro &raquo;<\/a><\/p>\n","protected":false},"author":1,"featured_media":0,"parent":0,"menu_order":0,"comment_status":"closed","ping_status":"closed","template":"elementor_header_footer","meta":{"site-sidebar-layout":"default","site-content-layout":"default","ast-global-header-display":"","ast-main-header-display":"","ast-hfb-above-header-display":"","ast-hfb-below-header-display":"","ast-hfb-mobile-header-display":"","site-post-title":"","ast-breadcrumbs-content":"","ast-featured-img":"","footer-sml-layout":"","theme-transparent-header-meta":"","adv-header-id-meta":"","stick-header-meta":"","header-above-stick-meta":"","header-main-stick-meta":"","header-below-stick-meta":"","footnotes":""},"class_list":["post-7127","page","type-page","status-publish","hentry"],"_links":{"self":[{"href":"https:\/\/tesser4x4.com\/it\/wp-json\/wp\/v2\/pages\/7127","targetHints":{"allow":["GET"]}}],"collection":[{"href":"https:\/\/tesser4x4.com\/it\/wp-json\/wp\/v2\/pages"}],"about":[{"href":"https:\/\/tesser4x4.com\/it\/wp-json\/wp\/v2\/types\/page"}],"author":[{"embeddable":true,"href":"https:\/\/tesser4x4.com\/it\/wp-json\/wp\/v2\/users\/1"}],"replies":[{"embeddable":true,"href":"https:\/\/tesser4x4.com\/it\/wp-json\/wp\/v2\/comments?post=7127"}],"version-history":[{"count":5,"href":"https:\/\/tesser4x4.com\/it\/wp-json\/wp\/v2\/pages\/7127\/revisions"}],"predecessor-version":[{"id":10623,"href":"https:\/\/tesser4x4.com\/it\/wp-json\/wp\/v2\/pages\/7127\/revisions\/10623"}],"wp:attachment":[{"href":"https:\/\/tesser4x4.com\/it\/wp-json\/wp\/v2\/media?parent=7127"}],"curies":[{"name":"wp","href":"https:\/\/api.w.org\/{rel}","templated":true}]}}