{"id":21944,"date":"2025-02-25T13:49:25","date_gmt":"2025-02-25T13:49:25","guid":{"rendered":"https:\/\/tesser4x4.com\/?post_type=product&#038;p=21944"},"modified":"2025-03-01T06:40:22","modified_gmt":"2025-03-01T06:40:22","slug":"tessera-bar-2in1-barre-trasversali-parapetti-bar001eu-black-matt-per-pickup-ue","status":"publish","type":"product","link":"https:\/\/tesser4x4.com\/it\/produkt\/tessera-bar-2in1-barre-trasversali-parapetti-bar001eu-black-matt-per-pickup-ue","title":{"rendered":"Tessera Bar+ 2in1 barre traversali parapetti BAR001EU nero opaco per pick-up UE"},"content":{"rendered":"<p><span style=\"font-family: arial, helvetica, sans-serif; color: #ff0000;\"><br \/>\n            <strong>Tieni presente che la Tessera BAR+ \u00e8 compatibile solo in combinazione con il copricassone Tessera SE o Tessera Roll+ (l&#8217;installazione avviene nella fessura a T).<br \/>\nCarico totale: 75 kg durante la guida e 150 kg da fermi.<br \/>\n<\/strong><br \/>\n          <\/span><\/p>\n<p>          <span style=\"color: #000000;\"><br \/>\n            <strong><br \/>\n              <span style=\"font-family: arial, helvetica, sans-serif;\">Caratteristiche principali di Tessera Bar+: Versatilit\u00e0 senza pari per il tuo pickup<\/span><br \/>\n            <\/strong><br \/>\n          <\/span><\/p>\n<p>          <span style=\"color: #000000;\"><br \/>\n            <strong><br \/>\n              <span style=\"font-family: arial, helvetica, sans-serif;\">1. Design telescopico a doppia funzione<\/span><br \/>\n            <\/strong><br \/>\n          <\/span><\/p>\n<ul>\n<li><span style=\"font-family: arial, helvetica, sans-serif; color: #000000;\">Trasformazione istantanea: Tessera Bar+ \u00e8 il primo sistema di barre trasversali al mondo per pickup che si trasforma in corrimano laterali (parapetti) in meno di un minuto, senza bisogno di attrezzi.<\/span><\/li>\n<li><span style=\"font-family: arial, helvetica, sans-serif; color: #000000;\">Doppia utilit\u00e0: Ottieni i vantaggi sia delle barre trasversali che dei corrimano laterali (parapetti) in un unico prodotto innovativo, risparmiando spazio e massimizzando la versatilit\u00e0<\/span><\/li>\n<\/ul>\n<p>          <span style=\"color: #000000;\"><br \/>\n            <strong><br \/>\n              <span style=\"font-family: arial, helvetica, sans-serif;\">2. Facile integrazione con gli accessori<\/span><br \/>\n            <\/strong><br \/>\n          <\/span><\/p>\n<ul>\n<li><span style=\"font-family: arial, helvetica, sans-serif; color: #000000;\">Slot a T integrati: Aggancia facilmente i tuoi accessori preferiti, come portasci, portabici e tende da tetto, grazie agli slot a T integrati.<\/span><\/li>\n<li><span style=\"font-family: arial, helvetica, sans-serif; color: #000000;\">Pronto per la personalizzazione: Adatta facilmente Tessera Bar+ alle tue esigenze specifiche, sia per avventure all\u2019aperto che per trasporti quotidiani.<\/span><\/li>\n<\/ul>\n<p>          <span style=\"color: #000000;\"><br \/>\n            <strong><br \/>\n              <span style=\"font-family: arial, helvetica, sans-serif;\">3. Punti di ancoraggio laterali rinforzati<\/span><br \/>\n            <\/strong><br \/>\n          <\/span><\/p>\n<ul>\n<li><span style=\"font-family: arial, helvetica, sans-serif; color: #000000;\">Punti di fissaggio extra: Due rifinitori in plastica rinforzata su ciascun lato forniscono punti di ancoraggio aggiuntivi per carichi leggeri, offrendo funzionalit\u00e0 e comodit\u00e0 extra.<\/span><\/li>\n<li><span style=\"font-family: arial, helvetica, sans-serif; color: #000000;\">Sicurezza migliorata: Ideale per carichi leggeri e veloci, ti garantisce tranquillit\u00e0 quando trasporti oggetti sfusi o di piccole dimensioni.<\/span><\/li>\n<\/ul>\n<p>          <span style=\"color: #000000;\"><br \/>\n            <strong><br \/>\n              <span style=\"font-family: arial, helvetica, sans-serif;\">4. Modulare e salvaspazio<\/span><br \/>\n            <\/strong><br \/>\n          <\/span><\/p>\n<ul>\n<li><span style=\"font-family: arial, helvetica, sans-serif; color: #000000;\">Mantieni l\u2019ordine: Non \u00e8 necessario riporre accessori ingombranti quando cambi modalit\u00e0; Tessera Bar+ si trasforma senza problemi restando montata sul tuo veicolo.<\/span><\/li>\n<li><span style=\"font-family: arial, helvetica, sans-serif; color: #000000;\">Adattamento perfetto: Progettata per funzionare con qualsiasi pickup, rappresenta una soluzione universale per tutti i proprietari di pickup.<\/span><\/li>\n<\/ul>\n<p>          <span style=\"color: #000000;\"><br \/>\n            <strong><br \/>\n              <span style=\"font-family: arial, helvetica, sans-serif;\">5. Molteplici opzioni di installazione<\/span><br \/>\n            <\/strong><br \/>\n          <\/span><\/p>\n<ul>\n<li><span style=\"font-family: arial, helvetica, sans-serif; color: #000000;\">Montaggio senza attrezzi: Si installa facilmente negli slot a T per utilizzo leggero, supportando fino a 75 kg senza bisogno di forare.<\/span><\/li>\n<li><span style=\"font-family: arial, helvetica, sans-serif; color: #000000;\">Compatibilit\u00e0 per carichi pesanti: Per applicazioni pi\u00f9 impegnative, Tessera Bar+ pu\u00f2 essere installata con foratura per un fissaggio robusto e sicuro, ideale con o senza copertura del cassone<\/span><\/li>\n<\/ul>\n<p>          <span style=\"color: #000000;\"><br \/>\n            <strong><br \/>\n              <span style=\"font-family: arial, helvetica, sans-serif;\">6. Qualit\u00e0 premium e innovazione in attesa di brevetto<\/span><br \/>\n            <\/strong><br \/>\n          <\/span><\/p>\n<ul>\n<li><span style=\"font-family: arial, helvetica, sans-serif; color: #000000;\">Tecnologia esclusiva: Il design in attesa di brevetto garantisce un prodotto all\u2019avanguardia che stabilisce nuovi standard nel mercato degli accessori 4&#215;4.<\/span><\/li>\n<li><span style=\"font-family: arial, helvetica, sans-serif; color: #000000;\">Durevole e affidabile: Realizzato con materiali di alta qualit\u00e0 per resistere a condizioni difficili, offre durata e resistenza su cui puoi contare.<\/span><\/li>\n<\/ul>\n<p>          <strong><br \/>\n            <span style=\"font-family: arial, helvetica, sans-serif; color: #000000;\">Perch\u00e9 Scegliere Tessera Bar+?<\/span><br \/>\n          <\/strong><\/p>\n<p>          <span style=\"font-family: arial, helvetica, sans-serif; color: #000000;\">Con la sua combinazione unica di doppia funzionalit\u00e0, installazione senza sforzo, compatibilit\u00e0 con accessori e praticit\u00e0 modulare, Tessera Bar+ \u00e8 l\u2019upgrade definitivo per qualsiasi pickup. Trasforma il tuo cassone e sblocca nuove possibilit\u00e0 con l\u2019innovativo e versatile Tessera Bar+. <\/span><\/p>\n<p>          <span style=\"font-family: arial, helvetica, sans-serif; color: #000000;\"><br \/>\n            <strong>La vendita comprende:<\/strong><br \/>\n          <\/span><\/p>\n<p>          <span style=\"font-family: arial, helvetica, sans-serif; color: #000000;\">1 (una coppia) Tessera Bar+ (BAR001EU) black matt (nero opaco) per l&#8217;auto selezionata<\/span><\/p>\n<p>          <span style=\"font-family: arial, helvetica, sans-serif; color: #000000;\">1 Istruzione di montaggio<\/span><\/p>\n","protected":false},"excerpt":{"rendered":"<p>          <span style=\"font-family: arial, helvetica, sans-serif; color: #000000;\"><br \/>\n            <strong>La Tessera BAR+ 2in1 \u00e8 compatibile con la Tessera SE e la Tessera Roll+. Ulteriori informazioni sulla Tessera BAR+ possono essere trovate <a href=\"https:\/\/tesser4x4.com\/it\/tessera-bar-plus\" target=\"_blank\" rel=\"noopener\">qui.<\/a> <\/strong><br \/>\n          <\/span><\/p>\n","protected":false},"featured_media":21948,"comment_status":"open","ping_status":"closed","template":"","meta":{"site-sidebar-layout":"default","site-content-layout":"default","ast-global-header-display":"","ast-main-header-display":"","ast-hfb-above-header-display":"","ast-hfb-below-header-display":"","ast-hfb-mobile-header-display":"","site-post-title":"","ast-breadcrumbs-content":"","ast-featured-img":"","footer-sml-layout":"","theme-transparent-header-meta":"default","adv-header-id-meta":"","stick-header-meta":"","header-above-stick-meta":"","header-main-stick-meta":"","header-below-stick-meta":""},"product_cat":[353,352],"product_tag":[393,394,672],"fahrzeug":[567,610,540,602,539,75,513,588,599,600,512,603,612,80,83,77,76,131,78,323,81,82,132,133,324,325,137,138,139,140,143,144,328,146,147,149,151,152,156,157,158,160,557,161,167,596,168,169,170,175,176,177,174,173,178,180,184,190,192,193,182,181,183,191,188,187,186,189,194,206,197,613,196,466,200,201,202,643,214,644,215,334,333,218,217,336,335,338,337],"class_list":{"0":"post-21944","1":"product","2":"type-product","3":"status-publish","4":"has-post-thumbnail","6":"product_cat-reling-parapetti","7":"product_cat-binari-per-il-tetto","8":"product_tag-binari-per-il-tetto","9":"product_tag-sistema-di-binari","10":"product_tag-tessera-bar-it","11":"fahrzeug-chevrolet","12":"fahrzeug-colorado","13":"fahrzeug-cross-4","14":"fahrzeug-dr","15":"fahrzeug-evo","16":"fahrzeug-ford","17":"fahrzeug-gladiator","18":"fahrzeug-gmc","19":"fahrzeug-jac","20":"fahrzeug-jac-t8-pro","21":"fahrzeug-jeep","22":"fahrzeug-pk-8","23":"fahrzeug-canyon-2","24":"fahrzeug-double-cab-xlt-ford","25":"fahrzeug-single-cab-xlt","26":"fahrzeug-xlt","27":"fahrzeug-double-cab-limited","28":"fahrzeug-single-cab","29":"fahrzeug-limited","30":"fahrzeug-double-cab-wildtrak","31":"fahrzeug-space-cab","32":"fahrzeug-wildtrak","33":"fahrzeug-raptor","34":"fahrzeug-double-cab-ranger-ab-2007-2011","35":"fahrzeug-space-cab-ranger-ab-2007-2011","36":"fahrzeug-ranger-ab-2007-2011","37":"fahrzeug-fiat","38":"fahrzeug-fullback","39":"fahrzeug-double-cab-fullback","40":"fahrzeug-space-cab-fullback","41":"fahrzeug-mercedes-benz","42":"fahrzeug-x-klasse","43":"fahrzeug-x-klasse-mit-oem-rollbar","44":"fahrzeug-renault","45":"fahrzeug-alaskan","46":"fahrzeug-ssangyong","47":"fahrzeug-musso-rexton-sports","48":"fahrzeug-musso-rexton-sports-xl","49":"fahrzeug-vw","50":"fahrzeug-amarok","51":"fahrzeug-amarok-mit-oem-rollbar","52":"fahrzeug-aventura","53":"fahrzeug-panamericana","54":"fahrzeug-amarok-holland","55":"fahrzeug-toyota","56":"fahrzeug-tacoma","57":"fahrzeug-revo","58":"fahrzeug-revo-mit-oem-rollbar","59":"fahrzeug-vigo","60":"fahrzeug-double-cab-revo","61":"fahrzeug-space-cab-revo","62":"fahrzeug-space-cab-revo-mit-oem-rollbar","63":"fahrzeug-double-cab-revo-mit-oem-rollbar","64":"fahrzeug-double-cab-vigo","65":"fahrzeug-space-cab-vigo","66":"fahrzeug-isuzu","67":"fahrzeug-double-cab-d-max-ab-2007-2011","68":"fahrzeug-space-cab-d-max-ab-2007-2011","69":"fahrzeug-double-cab-d-max-ab-2003-2007","70":"fahrzeug-space-cab-d-max-ab-2003-2007","71":"fahrzeug-d-max-ab-2021","72":"fahrzeug-d-max-ab-2012-2020","73":"fahrzeug-d-max-ab-2007-2011","74":"fahrzeug-d-max-ab-2003-2007","75":"fahrzeug-space-cab-d-max-ab-2021","76":"fahrzeug-double-cab-d-max-ab-2021","77":"fahrzeug-double-cab-d-max-ab-2012-2020","78":"fahrzeug-space-cab-d-max-ab-2012-2020","79":"fahrzeug-nissan","80":"fahrzeug-space-cab-d22","81":"fahrzeug-d22","82":"fahrzeug-d23-kein-eu-modell","83":"fahrzeug-double-cab-156cm-version","84":"fahrzeug-double-cab-165cm-version","85":"fahrzeug-space-cab-d40","86":"fahrzeug-d40","87":"fahrzeug-frontier","88":"fahrzeug-foton","89":"fahrzeug-mitsubishi","90":"fahrzeug-tunland-g7-2019","91":"fahrzeug-l200","92":"fahrzeug-double-cab-l200","93":"fahrzeug-space-cab-l200","94":"fahrzeug-l200-ab-2006-2015","95":"fahrzeug-double-cab-l200-ab-2006-2015","96":"fahrzeug-space-cab-l200-ab-2006-2015","97":"fahrzeug-l200-ab-1998-2005","98":"fahrzeug-double-cab-l200-ab-1998-2005","99":"fahrzeug-space-cab-l200-ab-1998-2005","100":"tm-has-options","102":"first","103":"instock","104":"taxable","105":"shipping-taxable","106":"purchasable","107":"product-type-simple"},"_links":{"self":[{"href":"https:\/\/tesser4x4.com\/it\/wp-json\/wp\/v2\/product\/21944","targetHints":{"allow":["GET"]}}],"collection":[{"href":"https:\/\/tesser4x4.com\/it\/wp-json\/wp\/v2\/product"}],"about":[{"href":"https:\/\/tesser4x4.com\/it\/wp-json\/wp\/v2\/types\/product"}],"replies":[{"embeddable":true,"href":"https:\/\/tesser4x4.com\/it\/wp-json\/wp\/v2\/comments?post=21944"}],"version-history":[{"count":4,"href":"https:\/\/tesser4x4.com\/it\/wp-json\/wp\/v2\/product\/21944\/revisions"}],"predecessor-version":[{"id":22065,"href":"https:\/\/tesser4x4.com\/it\/wp-json\/wp\/v2\/product\/21944\/revisions\/22065"}],"wp:featuredmedia":[{"embeddable":true,"href":"https:\/\/tesser4x4.com\/it\/wp-json\/wp\/v2\/media\/21948"}],"wp:attachment":[{"href":"https:\/\/tesser4x4.com\/it\/wp-json\/wp\/v2\/media?parent=21944"}],"wp:term":[{"taxonomy":"product_cat","embeddable":true,"href":"https:\/\/tesser4x4.com\/it\/wp-json\/wp\/v2\/product_cat?post=21944"},{"taxonomy":"product_tag","embeddable":true,"href":"https:\/\/tesser4x4.com\/it\/wp-json\/wp\/v2\/product_tag?post=21944"},{"taxonomy":"fahrzeug","embeddable":true,"href":"https:\/\/tesser4x4.com\/it\/wp-json\/wp\/v2\/fahrzeug?post=21944"}],"curies":[{"name":"wp","href":"https:\/\/api.w.org\/{rel}","templated":true}]}}