{"id":6914,"date":"2022-02-03T08:25:30","date_gmt":"2022-04-12T14:28:19","guid":{"rendered":"http:\/\/s890096204.online.de\/produkt\/paraurti-con-tubolari-rigidi-bullbar-bull-bar-acciaio-lucido-per-nissan-navara-ab-2015"},"modified":"2024-12-09T15:04:03","modified_gmt":"2024-12-09T15:04:03","slug":"paraurti-con-tubolari-rigidi-acciaio-lucido-aisi-304-per-nissan-navara-dal-2015","status":"publish","type":"product","link":"https:\/\/tesser4x4.com\/it\/produkt\/paraurti-con-tubolari-rigidi-acciaio-lucido-aisi-304-per-nissan-navara-dal-2015","title":{"rendered":"Paraurti con tubolari rigidi BULLBAR BULL BAR acciaio lucido per Nissan Navara ab 2015+"},"content":{"rendered":"<p><span style=\"font-family: arial, helvetica, sans-serif; color: #000000;\">Il <strong>bullbar<\/strong>\u00e8 adatto per <strong>Nissan Navara ab 2015+<\/strong> e ha un <strong>diametro<\/strong> di <strong>70 mm<\/strong> e uno spessore di 2 mm.<\/span><br \/>\n<span style=\"font-family: arial, helvetica, sans-serif; color: #000000;\">Il <strong>bullbar<\/strong>\u00e8 realizzato in <strong>acciaio inossidabile (AISI 304)<\/strong>e <strong>lucidato a mano<\/strong> per garantire durata e fornire una protezione aggiuntiva agli elementi integrali.<\/span><\/p>\n<p><span style=\"font-family: arial, helvetica, sans-serif; color: #000000;\">Il <strong>bullbar frontale<\/strong> \u00e8 <strong>omologata dall&#8217;UE<\/strong> ed \u00e8 stata prodotta in conformit\u00e0 con le pi\u00f9 recenti norme UE e i requisiti della <strong>Direttiva 78\/2009\/CE<\/strong>.<\/span><\/p>\n<p><span style=\"font-family: arial, helvetica, sans-serif; color: #000000;\"><strong>Numero oggetto:<\/strong><\/span><br \/>\n<span style=\"font-family: arial, helvetica, sans-serif; color: #000000;\">170BULLNISSAN (NP300-R1570-06)<\/span><\/p>\n<p><span style=\"font-family: arial, helvetica, sans-serif; color: #000000;\"><strong>Adatto per:<\/strong><\/span><br \/>\n<span style=\"font-family: arial, helvetica, sans-serif; color: #000000;\">Nissan Navara dal 2015+<\/span><\/p>\n<p><span style=\"font-family: arial, helvetica, sans-serif; color: #000000;\"><strong>Compatibile con il sistema ACC:<\/strong> No<\/span><\/p>\n<p><span style=\"font-family: arial, helvetica, sans-serif; color: #000000;\"><strong>La vendita comprende:<\/strong><\/span><br \/>\n<span style=\"font-family: arial, helvetica, sans-serif; color: #000000;\">1 Paraurti con tubolari rigidi BULLBAR in acciaio AISI 304 lucidato a mano<\/span><br \/>\n<span style=\"font-family: arial, helvetica, sans-serif; color: #000000;\">1 KIT di montaggio<\/span><br \/>\n<span style=\"font-family: arial, helvetica, sans-serif; color: #000000;\">1 Istruzione di montaggio<\/span><\/p>\n<p><strong><span style=\"font-family: arial, helvetica, sans-serif; color: #000000;\">Informazioni sul produttore<\/span><\/strong><br \/>\n<strong><span style=\"font-family: arial, helvetica, sans-serif; color: #000000;\">Produttore: <\/span><\/strong><span style=\"color: #000000;\">Steeler Marcin Piascecki<\/span><br \/><strong><span style=\"font-family: arial, helvetica, sans-serif; color: #000000;\">Indirizzo: <\/span><\/strong><span style=\"font-family: arial, helvetica, sans-serif; color: #000000;\">ulica Grodzie\u0144ska 202, 16-100 Sok\u00f3\u0142ka, 20, Polonia<\/span><br \/><strong><span style=\"font-family: arial, helvetica, sans-serif; color: #000000;\">Contatto: <\/span><\/strong><span style=\"color: #000000;\">info@steeler.pl<\/span><\/p>\n","protected":false},"excerpt":{"rendered":"<p>          <strong>Paraurti con tubolari rigidi BULLBAR BULL BAR acciaio AISI 304 lucido per Nissan Navara ab 2015+, qualit\u00e0 top<\/strong><\/p>\n","protected":false},"featured_media":6647,"comment_status":"open","ping_status":"closed","template":"","meta":{"site-sidebar-layout":"default","site-content-layout":"default","ast-global-header-display":"","ast-main-header-display":"","ast-hfb-above-header-display":"","ast-hfb-below-header-display":"","ast-hfb-mobile-header-display":"","site-post-title":"","ast-breadcrumbs-content":"","ast-featured-img":"","footer-sml-layout":"","theme-transparent-header-meta":"default","adv-header-id-meta":"","stick-header-meta":"","header-above-stick-meta":"","header-main-stick-meta":"","header-below-stick-meta":""},"product_cat":[350],"product_tag":[373,375,372],"fahrzeug":[194,195,196,203,198,199,200,201,202],"class_list":{"0":"post-6914","1":"product","2":"type-product","3":"status-publish","4":"has-post-thumbnail","6":"product_cat-bullbar-it","7":"product_tag-bullbar-it","8":"product_tag-nissan-navara-dal-2015","9":"product_tag-paraurti-con-tubolari-rigidi","10":"product_shipping_class-spedizione-accessori","11":"fahrzeug-nissan","12":"fahrzeug-double-cab-d23","13":"fahrzeug-space-cab-d23","14":"fahrzeug-d23","15":"fahrzeug-double-cab-156cm-version","16":"fahrzeug-double-cab-165cm-version","17":"fahrzeug-space-cab-d40","18":"fahrzeug-d40","19":"fahrzeug-d40-mit-oem-ladder-rack","20":"tm-no-options","22":"first","23":"instock","24":"taxable","25":"shipping-taxable","26":"purchasable","27":"product-type-simple"},"_links":{"self":[{"href":"https:\/\/tesser4x4.com\/it\/wp-json\/wp\/v2\/product\/6914","targetHints":{"allow":["GET"]}}],"collection":[{"href":"https:\/\/tesser4x4.com\/it\/wp-json\/wp\/v2\/product"}],"about":[{"href":"https:\/\/tesser4x4.com\/it\/wp-json\/wp\/v2\/types\/product"}],"replies":[{"embeddable":true,"href":"https:\/\/tesser4x4.com\/it\/wp-json\/wp\/v2\/comments?post=6914"}],"version-history":[{"count":2,"href":"https:\/\/tesser4x4.com\/it\/wp-json\/wp\/v2\/product\/6914\/revisions"}],"predecessor-version":[{"id":21185,"href":"https:\/\/tesser4x4.com\/it\/wp-json\/wp\/v2\/product\/6914\/revisions\/21185"}],"wp:featuredmedia":[{"embeddable":true,"href":"https:\/\/tesser4x4.com\/it\/wp-json\/wp\/v2\/media\/6647"}],"wp:attachment":[{"href":"https:\/\/tesser4x4.com\/it\/wp-json\/wp\/v2\/media?parent=6914"}],"wp:term":[{"taxonomy":"product_cat","embeddable":true,"href":"https:\/\/tesser4x4.com\/it\/wp-json\/wp\/v2\/product_cat?post=6914"},{"taxonomy":"product_tag","embeddable":true,"href":"https:\/\/tesser4x4.com\/it\/wp-json\/wp\/v2\/product_tag?post=6914"},{"taxonomy":"fahrzeug","embeddable":true,"href":"https:\/\/tesser4x4.com\/it\/wp-json\/wp\/v2\/fahrzeug?post=6914"}],"curies":[{"name":"wp","href":"https:\/\/api.w.org\/{rel}","templated":true}]}}