{"id":6922,"date":"2022-02-03T07:54:52","date_gmt":"2022-04-13T07:36:24","guid":{"rendered":"http:\/\/s890096204.online.de\/produkt\/paraurti-con-tubolari-rigidi-bullbar-bull-bar-black-edition-per-ford-ranger-dal-2019"},"modified":"2024-12-09T15:11:49","modified_gmt":"2024-12-09T15:11:49","slug":"paraurti-con-tubolari-rigidi-bullbar-black-edition-per-ford-ranger-ab-2019","status":"publish","type":"product","link":"https:\/\/tesser4x4.com\/it\/produkt\/paraurti-con-tubolari-rigidi-bullbar-black-edition-per-ford-ranger-ab-2019","title":{"rendered":"Paraurti con tubolari rigidi BULLBAR BULL BAR black edition per Ford Ranger dal 2019+"},"content":{"rendered":"<p><span style=\"color: #ff0000; font-family: arial, helvetica, sans-serif;\"><strong>IMPORTANTE: Adatto dal cambio di modello del 2019+.<\/strong><\/span><\/p>\n<p><span style=\"font-family: arial, helvetica, sans-serif; color: #000000;\">Il <strong>bullbar black edition (nero)<\/strong> \u00e8 adatto per <strong>Ford Ranger dal 2019+<\/strong> e ha un <strong>diametro<\/strong>di <strong>70 mm<\/strong> e uno spessore di 2 mm.<\/span><br \/>\n<span style=\"font-family: arial, helvetica, sans-serif; color: #000000;\">Il <strong>bullbar black edition (nero<\/strong>) \u00e8 realizzato in <strong>acciaio inossidabile (AISI 304)<\/strong>.<\/span><\/p>\n<p><span style=\"font-family: arial, helvetica, sans-serif; color: #000000;\">Il <strong>bullbar frontale<\/strong> \u00e8 <strong>omologata dall&#8217;UE<\/strong> ed \u00e8 stata prodotta in conformit\u00e0 con le pi\u00f9 recenti norme UE e i requisiti della <strong>Direttiva 78\/2009\/CE<\/strong>.<\/span><\/p>\n<p><span style=\"font-family: arial, helvetica, sans-serif; color: #000000;\"><strong>Numero oggetto:<\/strong><\/span><br \/>\n<span style=\"font-family: arial, helvetica, sans-serif; color: #000000;\">146BULLBARBLACK (R19-R1970-06)<\/span><\/p>\n<p><span style=\"font-family: arial, helvetica, sans-serif; color: #000000;\"><strong>Adatto per:<\/strong><\/span><br \/>\n<span style=\"font-family: arial, helvetica, sans-serif; color: #000000;\">FORD RANGER dal 2019+<\/span><\/p>\n<p><span style=\"font-family: arial, helvetica, sans-serif; color: #000000;\"><strong>Compatibile con i sensori di parcheggio:<\/strong> Si<\/span><br \/>\n<span style=\"font-family: arial, helvetica, sans-serif; color: #000000;\"><strong>Compatibile con il sistema ACC:<\/strong> Si<\/span><\/p>\n<p><span style=\"font-family: arial, helvetica, sans-serif; color: #000000;\"><strong>La vendita comprende:<\/strong><\/span><br \/>\n<span style=\"font-family: arial, helvetica, sans-serif; color: #000000;\">1 Paraurti con tubolari rigidi BULLBAR black edition (nero) in acciaio AISI 304<\/span><br \/>\n<span style=\"font-family: arial, helvetica, sans-serif; color: #000000;\">1 KIT di montaggio<\/span><br \/>\n<span style=\"font-family: arial, helvetica, sans-serif; color: #000000;\">1 Istruzione di montaggio<\/span><\/p>\n<p><strong><span style=\"font-family: arial, helvetica, sans-serif; color: #000000;\">Informazioni sul produttore<\/span><\/strong><br \/>\n<strong><span style=\"font-family: arial, helvetica, sans-serif; color: #000000;\">Produttore: <\/span><\/strong><span style=\"color: #000000;\">Steeler Marcin Piascecki<\/span><br \/><strong><span style=\"font-family: arial, helvetica, sans-serif; color: #000000;\">Indirizzo: <\/span><\/strong><span style=\"font-family: arial, helvetica, sans-serif; color: #000000;\">ulica Grodzie\u0144ska 202, 16-100 Sok\u00f3\u0142ka, 20, Polonia<\/span><br \/><strong><span style=\"font-family: arial, helvetica, sans-serif; color: #000000;\">Contatto: <\/span><\/strong><span style=\"color: #000000;\">info@steeler.pl<\/span><\/p>\n","protected":false},"excerpt":{"rendered":"<p>          <strong>Paraurti con tubolari rigidi BULLBAR BULL BAR acciaio AISI 304 black edition (nero) per Ford Ranger dal 2019+<\/strong><\/p>\n","protected":false},"featured_media":6640,"comment_status":"open","ping_status":"closed","template":"","meta":{"site-sidebar-layout":"default","site-content-layout":"default","ast-global-header-display":"","ast-main-header-display":"","ast-hfb-above-header-display":"","ast-hfb-below-header-display":"","ast-hfb-mobile-header-display":"","site-post-title":"","ast-breadcrumbs-content":"","ast-featured-img":"","footer-sml-layout":"","theme-transparent-header-meta":"default","adv-header-id-meta":"","stick-header-meta":"","header-above-stick-meta":"","header-main-stick-meta":"","header-below-stick-meta":""},"product_cat":[350],"product_tag":[373,379,372],"fahrzeug":[75,80,83,77,76,131,78,326,81,82,132,133],"class_list":{"0":"post-6922","1":"product","2":"type-product","3":"status-publish","4":"has-post-thumbnail","6":"product_cat-bullbar-it","7":"product_tag-bullbar-it","8":"product_tag-ford-ranger-dal-2019","9":"product_tag-paraurti-con-tubolari-rigidi","10":"product_shipping_class-spedizione-accessori","11":"fahrzeug-ford","12":"fahrzeug-double-cab-xlt-ford","13":"fahrzeug-single-cab-xlt","14":"fahrzeug-xlt","15":"fahrzeug-double-cab-limited","16":"fahrzeug-single-cab","17":"fahrzeug-limited","18":"fahrzeug-double-cab-wildtrak","19":"fahrzeug-space-cab","20":"fahrzeug-wildtrak","21":"fahrzeug-raptor","22":"fahrzeug-f-150","23":"tm-no-options","25":"first","26":"instock","27":"taxable","28":"shipping-taxable","29":"purchasable","30":"product-type-simple"},"_links":{"self":[{"href":"https:\/\/tesser4x4.com\/it\/wp-json\/wp\/v2\/product\/6922","targetHints":{"allow":["GET"]}}],"collection":[{"href":"https:\/\/tesser4x4.com\/it\/wp-json\/wp\/v2\/product"}],"about":[{"href":"https:\/\/tesser4x4.com\/it\/wp-json\/wp\/v2\/types\/product"}],"replies":[{"embeddable":true,"href":"https:\/\/tesser4x4.com\/it\/wp-json\/wp\/v2\/comments?post=6922"}],"version-history":[{"count":2,"href":"https:\/\/tesser4x4.com\/it\/wp-json\/wp\/v2\/product\/6922\/revisions"}],"predecessor-version":[{"id":21192,"href":"https:\/\/tesser4x4.com\/it\/wp-json\/wp\/v2\/product\/6922\/revisions\/21192"}],"wp:featuredmedia":[{"embeddable":true,"href":"https:\/\/tesser4x4.com\/it\/wp-json\/wp\/v2\/media\/6640"}],"wp:attachment":[{"href":"https:\/\/tesser4x4.com\/it\/wp-json\/wp\/v2\/media?parent=6922"}],"wp:term":[{"taxonomy":"product_cat","embeddable":true,"href":"https:\/\/tesser4x4.com\/it\/wp-json\/wp\/v2\/product_cat?post=6922"},{"taxonomy":"product_tag","embeddable":true,"href":"https:\/\/tesser4x4.com\/it\/wp-json\/wp\/v2\/product_tag?post=6922"},{"taxonomy":"fahrzeug","embeddable":true,"href":"https:\/\/tesser4x4.com\/it\/wp-json\/wp\/v2\/fahrzeug?post=6922"}],"curies":[{"name":"wp","href":"https:\/\/api.w.org\/{rel}","templated":true}]}}