{"id":9244,"date":"2022-09-07T13:37:57","date_gmt":"2022-09-07T13:37:58","guid":{"rendered":"http:\/\/s890096204.online.de\/?post_type=product&#038;p=9244"},"modified":"2022-12-18T09:17:52","modified_gmt":"2022-12-18T09:17:52","slug":"copricassone-per-toyota-hilux-revo-2016-space-cab-con-ladder-rack-oem-sot-13017-nero-opaco","status":"publish","type":"product","link":"https:\/\/tesser4x4.com\/it\/produkt\/copricassone-per-toyota-hilux-revo-2016-space-cab-con-ladder-rack-oem-sot-13017-nero-opaco","title":{"rendered":"Copricassone per TOYOTA HILUX REVO 2016+ Space Cab con ladder rack OEM SOT 13017 nero opaco"},"content":{"rendered":"<h2><strong><span style=\"color: #000000; font-family: arial, helvetica, sans-serif;\">Copertura cassone &#8211; Copricassone per Toyota Hilux REVO 2016+ con ladder rack OEM Space Cab &gt; cabina singola<\/span><br \/>\n<\/strong><\/h2>\n<h2><span style=\"font-family: arial, helvetica, sans-serif;\"><strong> <\/strong><\/span><span style=\"font-family: arial, helvetica, sans-serif;\"><a href=\"https:\/\/tesser4x4.com\/wp-content\/uploads\/2021\/12\/tuevaustria.jpg\"><img decoding=\"async\" class=\"alignnone size-full wp-image-5359\" src=\"https:\/\/tesser4x4.com\/wp-content\/uploads\/2021\/12\/tuevaustria.jpg\" alt=\"\" width=\"135\" height=\"98\"><\/a>Certificato<\/span><\/h2>\n<p><span style=\"font-family: arial, helvetica, sans-serif;\">Una perfetta copertura, isola e protegge la superficie di carico<\/span><\/p>\n<ul>\n<li><span style=\"font-family: arial, helvetica, sans-serif;\">assolutamente impermeabile contro la pioggia<\/span><\/li>\n<li><span style=\"font-family: arial, helvetica, sans-serif;\">Richiudibile<\/span><\/li>\n<li><span style=\"font-family: arial, helvetica, sans-serif;\">Semplice montaggio e smontaggio senza praticare fori<\/span><\/li>\n<li><span style=\"font-family: arial, helvetica, sans-serif;\">Materiale: Alluminio e metallo nobile<\/span><\/li>\n<li><span style=\"font-family: arial, helvetica, sans-serif;\">Si adatta ad ogni tipo di veicolo<\/span><\/li>\n<\/ul>\n<p><strong>Numero oggetto:<br \/>\n<\/strong><em><strong>087bREVO13017BLACK<\/strong><\/em><br \/>\n<strong>SOT 13017 ROLL (Space Cab)<\/strong><br \/>\nStandard: Paint-006 Black matt (verniciatura a polvere)<\/p>\n<p><strong>ATTENZIONE:<\/strong><br \/>\nPer poter continuare a utilizzare il ladder rack OEM con il copricassone \u00e8 necessario l\u2019adattatore <strong>ADAPT-016<\/strong>. L&#8217;adattatore \u00e8 gi\u00e0 incluso nel prezzo. L&#8217;adattatore \u00e8 gi\u00e0 incluso nel prezzo.<\/p>\n<p><strong>La vendita comprende:<\/strong><br \/>\n1 Copertura cassone avvolgibile per l\u00b4auto selezionata<br \/>\n1 Istruzione di montaggio dettagliate con foto<\/p>\n","protected":false},"excerpt":{"rendered":"<p><span style=\"font-family: arial, helvetica, sans-serif; color: #000000;\"><strong>Questa copertura cassone in alluminio \u00e8 adatta per Toyota Hilux REVO 2016 con ladder rack OEM, Space Cab, cabina singola, SOT 13017<\/strong><\/span><\/p>\n","protected":false},"featured_media":9246,"comment_status":"open","ping_status":"closed","template":"","meta":{"site-sidebar-layout":"default","site-content-layout":"default","ast-global-header-display":"","ast-main-header-display":"","ast-hfb-above-header-display":"","ast-hfb-below-header-display":"","ast-hfb-mobile-header-display":"","site-post-title":"","ast-breadcrumbs-content":"","ast-featured-img":"","footer-sml-layout":"","theme-transparent-header-meta":"default","adv-header-id-meta":"","stick-header-meta":"","header-above-stick-meta":"","header-main-stick-meta":"","header-below-stick-meta":""},"product_cat":[355],"product_tag":[420],"fahrzeug":[167,169,177],"class_list":{"0":"post-9244","1":"product","2":"type-product","3":"status-publish","4":"has-post-thumbnail","6":"product_cat-copertura-cassone","7":"product_tag-toyota-it","8":"pa_farbversion-alluminio-anodizzato","9":"fahrzeug-toyota","10":"fahrzeug-revo-mit-oem-rollbar","11":"fahrzeug-space-cab-revo-mit-oem-rollbar","12":"tm-no-options","14":"first","15":"outofstock","16":"taxable","17":"shipping-taxable","18":"purchasable","19":"product-type-simple"},"_links":{"self":[{"href":"https:\/\/tesser4x4.com\/it\/wp-json\/wp\/v2\/product\/9244","targetHints":{"allow":["GET"]}}],"collection":[{"href":"https:\/\/tesser4x4.com\/it\/wp-json\/wp\/v2\/product"}],"about":[{"href":"https:\/\/tesser4x4.com\/it\/wp-json\/wp\/v2\/types\/product"}],"replies":[{"embeddable":true,"href":"https:\/\/tesser4x4.com\/it\/wp-json\/wp\/v2\/comments?post=9244"}],"version-history":[{"count":2,"href":"https:\/\/tesser4x4.com\/it\/wp-json\/wp\/v2\/product\/9244\/revisions"}],"predecessor-version":[{"id":9270,"href":"https:\/\/tesser4x4.com\/it\/wp-json\/wp\/v2\/product\/9244\/revisions\/9270"}],"wp:featuredmedia":[{"embeddable":true,"href":"https:\/\/tesser4x4.com\/it\/wp-json\/wp\/v2\/media\/9246"}],"wp:attachment":[{"href":"https:\/\/tesser4x4.com\/it\/wp-json\/wp\/v2\/media?parent=9244"}],"wp:term":[{"taxonomy":"product_cat","embeddable":true,"href":"https:\/\/tesser4x4.com\/it\/wp-json\/wp\/v2\/product_cat?post=9244"},{"taxonomy":"product_tag","embeddable":true,"href":"https:\/\/tesser4x4.com\/it\/wp-json\/wp\/v2\/product_tag?post=9244"},{"taxonomy":"fahrzeug","embeddable":true,"href":"https:\/\/tesser4x4.com\/it\/wp-json\/wp\/v2\/fahrzeug?post=9244"}],"curies":[{"name":"wp","href":"https:\/\/api.w.org\/{rel}","templated":true}]}}